{"id":17092,"date":"2025-06-28T17:34:11","date_gmt":"2025-06-28T14:34:11","guid":{"rendered":"https:\/\/zemmastore.com\/?post_type=product&#038;p=17092"},"modified":"2025-08-31T03:07:58","modified_gmt":"2025-08-31T00:07:58","slug":"pos-test-urunu","status":"publish","type":"product","link":"https:\/\/zemmastore.com\/en\/urun\/pos-test-urunu\/","title":{"rendered":"Pos Test \u00dcr\u00fcn\u00fc"},"content":{"rendered":"<p>bu bir \u00fcr\u00fcn de\u011fildir. sadece sanal pos i\u015flemlerini test ama\u00e7l\u0131 olu\u015fturulmu\u015f bir sanal \u00fcr\u00fcnd\u00fcr. sat\u0131n alma sonucunda size herhangi bir \u00fcr\u00fcn g\u00f6nderilmez.<\/p>\n","protected":false},"excerpt":{"rendered":"<p>bu bir \u00fcr\u00fcn de\u011fildir. sadece sanal pos i\u015flemlerini test ama\u00e7l\u0131 olu\u015fturulmu\u015f bir sanal \u00fcr\u00fcnd\u00fcr. sat\u0131n alma sonucunda size herhangi bir \u00fcr\u00fcn g\u00f6nderilmez.<\/p>\n","protected":false},"featured_media":17101,"comment_status":"open","ping_status":"closed","template":"","meta":[],"product_brand":[],"product_cat":[20],"product_tag":[],"class_list":{"0":"post-17092","1":"product","2":"type-product","3":"status-publish","4":"has-post-thumbnail","6":"product_cat-accessories","8":"first","9":"instock","10":"virtual","11":"purchasable","12":"product-type-simple"},"_links":{"self":[{"href":"https:\/\/zemmastore.com\/en\/wp-json\/wp\/v2\/product\/17092","targetHints":{"allow":["GET"]}}],"collection":[{"href":"https:\/\/zemmastore.com\/en\/wp-json\/wp\/v2\/product"}],"about":[{"href":"https:\/\/zemmastore.com\/en\/wp-json\/wp\/v2\/types\/product"}],"replies":[{"embeddable":true,"href":"https:\/\/zemmastore.com\/en\/wp-json\/wp\/v2\/comments?post=17092"}],"version-history":[{"count":3,"href":"https:\/\/zemmastore.com\/en\/wp-json\/wp\/v2\/product\/17092\/revisions"}],"predecessor-version":[{"id":17104,"href":"https:\/\/zemmastore.com\/en\/wp-json\/wp\/v2\/product\/17092\/revisions\/17104"}],"wp:featuredmedia":[{"embeddable":true,"href":"https:\/\/zemmastore.com\/en\/wp-json\/wp\/v2\/media\/17101"}],"wp:attachment":[{"href":"https:\/\/zemmastore.com\/en\/wp-json\/wp\/v2\/media?parent=17092"}],"wp:term":[{"taxonomy":"product_brand","embeddable":true,"href":"https:\/\/zemmastore.com\/en\/wp-json\/wp\/v2\/product_brand?post=17092"},{"taxonomy":"product_cat","embeddable":true,"href":"https:\/\/zemmastore.com\/en\/wp-json\/wp\/v2\/product_cat?post=17092"},{"taxonomy":"product_tag","embeddable":true,"href":"https:\/\/zemmastore.com\/en\/wp-json\/wp\/v2\/product_tag?post=17092"}],"curies":[{"name":"wp","href":"https:\/\/api.w.org\/{rel}","templated":true}]}}