{"id":16687,"date":"2024-08-16T19:10:11","date_gmt":"2024-08-16T16:10:11","guid":{"rendered":"https:\/\/zemmastore.com\/?post_type=product&#038;p=16687"},"modified":"2025-08-31T03:04:00","modified_gmt":"2025-08-31T00:04:00","slug":"play-8","status":"publish","type":"product","link":"https:\/\/zemmastore.com\/en\/urun\/play-8\/","title":{"rendered":"Play #8"},"content":{"rendered":"<p>Miyuki Cam Boncuk, 925 ayar g\u00fcm\u00fc\u015f kaplama<\/p>\n","protected":false},"excerpt":{"rendered":"<p>Miyuki Cam Boncuk, 925 ayar g\u00fcm\u00fc\u015f kaplama<\/p>\n","protected":false},"featured_media":16690,"comment_status":"open","ping_status":"closed","template":"","meta":[],"product_brand":[],"product_cat":[98],"product_tag":[],"class_list":{"0":"post-16687","1":"product","2":"type-product","3":"status-publish","4":"has-post-thumbnail","6":"product_cat-bracelet","8":"first","9":"instock","10":"sale","11":"shipping-taxable","12":"purchasable","13":"product-type-simple"},"_links":{"self":[{"href":"https:\/\/zemmastore.com\/en\/wp-json\/wp\/v2\/product\/16687","targetHints":{"allow":["GET"]}}],"collection":[{"href":"https:\/\/zemmastore.com\/en\/wp-json\/wp\/v2\/product"}],"about":[{"href":"https:\/\/zemmastore.com\/en\/wp-json\/wp\/v2\/types\/product"}],"replies":[{"embeddable":true,"href":"https:\/\/zemmastore.com\/en\/wp-json\/wp\/v2\/comments?post=16687"}],"version-history":[{"count":1,"href":"https:\/\/zemmastore.com\/en\/wp-json\/wp\/v2\/product\/16687\/revisions"}],"predecessor-version":[{"id":16694,"href":"https:\/\/zemmastore.com\/en\/wp-json\/wp\/v2\/product\/16687\/revisions\/16694"}],"wp:featuredmedia":[{"embeddable":true,"href":"https:\/\/zemmastore.com\/en\/wp-json\/wp\/v2\/media\/16690"}],"wp:attachment":[{"href":"https:\/\/zemmastore.com\/en\/wp-json\/wp\/v2\/media?parent=16687"}],"wp:term":[{"taxonomy":"product_brand","embeddable":true,"href":"https:\/\/zemmastore.com\/en\/wp-json\/wp\/v2\/product_brand?post=16687"},{"taxonomy":"product_cat","embeddable":true,"href":"https:\/\/zemmastore.com\/en\/wp-json\/wp\/v2\/product_cat?post=16687"},{"taxonomy":"product_tag","embeddable":true,"href":"https:\/\/zemmastore.com\/en\/wp-json\/wp\/v2\/product_tag?post=16687"}],"curies":[{"name":"wp","href":"https:\/\/api.w.org\/{rel}","templated":true}]}}